{"id":3,"date":"2023-08-07T07:49:00","date_gmt":"2023-08-07T07:49:00","guid":{"rendered":"https:\/\/tyttisiironen.fi\/?page_id=3"},"modified":"2025-03-03T14:15:39","modified_gmt":"2025-03-03T14:15:39","slug":"tietosuojaseloste","status":"publish","type":"page","link":"https:\/\/tyttisiironen.fi\/index.php\/tietosuojaseloste\/","title":{"rendered":"Tietosuojaseloste"},"content":{"rendered":"<section class=\"bde-section-3-100 bde-section\">\n  \n  \n\t\n\n\n\n<div class=\"section-container\"><h1 class=\"bde-heading-3-101 bde-heading\">\nTietosuojaseloste\n<\/h1><div class=\"bde-rich-text-3-102 bde-rich-text breakdance-rich-text-styles\">\n<p>Seloste henkil\u00f6tietojen k\u00e4sittelyst\u00e4 ja informointi rekister\u00f6idyn oikeuksista<\/p>\n<p>\u00a0Laadittu 12.9.2023<\/p>\n<h4>1. Rekisterinpit\u00e4j\u00e4<\/h4>\n<p>Toimintaterapia Tytti Siironen<br \/>Y-tunnus: 3379216-3<br \/>Vainionkuja 11<br \/>85100 Kalajoki<\/p>\n<p>www.tyttisiironen.fi<\/p>\n<p>Tietosuojavastaan yhteystiedot:<\/p>\n<p>Tytti Siironen<br \/><a href=\"mailto:toimintaterapia@tyttisiironen.fi\">toimintaterapia@tyttisiironen.fi<\/a><br \/>p. 040 175 3705<\/p>\n<h4>2. Henkil\u00f6tietojen k\u00e4sittelyn tarkoitus<\/h4>\n<p>Henkil\u00f6tietojen k\u00e4sittelyn tarkoitus on yhteydenpito asiakkaisiin ja heid\u00e4n huoltajiinsa, kuntoutuksen suunnittelu, toteutus ja laskuttaminen.<\/p>\n<h4>3. Rekisterin tietosis\u00e4lt\u00f6<\/h4>\n<p>Rekisteriin tallennettavia tietoja ovat:<br \/>- asiakkaan nimi, henkil\u00f6tunnus ja osoite<br \/>- alaik\u00e4isen asiakkaan huoltajien nimet ja puhelinnumero<br \/>- toimintaterapian maksusitoumus ja terapiasopimus<br \/>- l\u00e4hett\u00e4v\u00e4n tahon tutkimus- ja hoitopalauteet sek\u00e4 kuntoutussuunnitelmat<br \/>- mahdolliset testilomakkeet ja havainnoinnit<br \/>- terapiasuunnitelma, terapiakertojen kirjaukset ja ajankohdat sek\u00e4 terapiapalaute<\/p>\n<p>Rekisterin tiedot ovat salassa pidett\u00e4vi\u00e4. Henkil\u00f6tietojen s\u00e4ilytysaika m\u00e4\u00e4r\u00e4ytyy lakien mukaisesti.<\/p>\n<h4>4. S\u00e4\u00e4nn\u00f6nmukaiset tietol\u00e4hteet<\/h4>\n<p>Rekisteriin tallennettavat tiedot saadaan asiakkaalta\/huoltajilta. Tietoja voidaan vastaanottaa my\u00f6s l\u00e4hett\u00e4v\u00e4lt\u00e4 ja maksavalta taholta. Lis\u00e4ksi asiakkaan\/huoltajan suostumuksella tietoja voidaan vastaanottaa koulusta, p\u00e4iv\u00e4kodista tai muulta yhteisty\u00f6taholta.<\/p>\n<h4>5. Tietojen s\u00e4\u00e4nn\u00f6nmukaiset luovutukset<\/h4>\n<p>Rekisterin tiedot ovat salassa pidett\u00e4vi\u00e4. Tietoja luovutetaan asiakkaalle\/huoltajille, l\u00e4hett\u00e4v\u00e4lle taholle, maksavalle taholle sek\u00e4 kuntoutussuunnitelmasta vastaavalle taholle asiakkaan kirjallisella suostumuksella tai lakiin perustuen. Muille tahoille tietoja voidaan luovuttaa asiakkaan\/huoltajan kirjallisella suostumuksella. Tietoja k\u00e4sitell\u00e4\u00e4n vain hoitosuhteeseen liittyvin\u00e4. Asiakask\u00e4yntien kirjaukset ja yhteenvedot siirret\u00e4\u00e4n potilastietoj\u00e4rjestelm\u00e4st\u00e4 Kanta-arkistoon. Tietoja ei luovuteta EU:n tai ETA:n ulkopuolelle.<\/p>\n<h4>6. Rekisterin suojauksen periaatteet<\/h4>\n<p>Rekisterin k\u00e4sittelyss\u00e4 noudatetaan huolellisuutta ja tietoj\u00e4rjestelmien avulla k\u00e4sitelt\u00e4v\u00e4t tiedot suojataan asianmukaisesti. Tietoja k\u00e4sitell\u00e4\u00e4n p\u00e4\u00e4asiassa s\u00e4hk\u00f6isess\u00e4 muodossa. Asiakasrekisteri on s\u00e4hk\u00f6inen ja se on suojattu henkil\u00f6kohtaisella k\u00e4ytt\u00e4j\u00e4tunnuksella ja salasanalla. Paperiset tulosteet s\u00e4ilytet\u00e4\u00e4n lukitussa kaapissa, johon on p\u00e4\u00e4sy vain rekisterinpit\u00e4j\u00e4ll\u00e4.<\/p>\n<h4>7. Tarkastusoikeus ja oikeus vaatia tiedon korjaamista<\/h4>\n<p>Jokaisella rekisteriss\u00e4 olevalla asiakkaalla\/huoltajalla on oikeus tarkistaa rekisteriin tallennetut tiedot ja vaatia mahdollisen virheellisen tiedon korjaamista tai puutteellisen tiedon t\u00e4ydent\u00e4mist\u00e4. Mik\u00e4li asiakas\/huoltaja haluaa tarkistaa tallennetut tiedot tai vaatia niihin oikaisua, pyynt\u00f6 tulee l\u00e4hett\u00e4\u00e4 kirjallisesti rekisterinpit\u00e4j\u00e4lle.<\/p>\n<h4>8. Muut henkil\u00f6tietojen k\u00e4sittelyyn liittyv\u00e4t oikeudet<\/h4>\n<p>Rekister\u00f6idyll\u00e4 on oikeus tehd\u00e4 valitus valvontaviranomaiselle, jos rekisterinpit\u00e4j\u00e4 ei ole noudattanut toiminnassaan soveltuvaa tietosuojas\u00e4\u00e4ntely\u00e4.<\/p>\n<p>\u00a0<\/p>\n<\/div><\/div>\n<\/section>","protected":false},"excerpt":{"rendered":"<p>Tietosuojaseloste Seloste henkil\u00f6tietojen k\u00e4sittelyst\u00e4 ja informointi rekister\u00f6idyn oikeuksista \u00a0Laadittu 12.9.2023 1. Rekisterinpit\u00e4j\u00e4 Toimintaterapia Tytti SiironenY-tunnus: 3379216-3Vainionkuja 1185100 Kalajoki www.tyttisiironen.fi Tietosuojavastaan yhteystiedot: Tytti Siironentoimintaterapia@tyttisiironen.fip. 040 175 3705 2. Henkil\u00f6tietojen k\u00e4sittelyn tarkoitus Henkil\u00f6tietojen k\u00e4sittelyn tarkoitus on yhteydenpito asiakkaisiin ja heid\u00e4n huoltajiinsa, kuntoutuksen suunnittelu, toteutus ja laskuttaminen. 3. Rekisterin tietosis\u00e4lt\u00f6 Rekisteriin tallennettavia tietoja ovat:- asiakkaan nimi, henkil\u00f6tunnus ja [&hellip;]<\/p>\n","protected":false},"author":1,"featured_media":0,"parent":0,"menu_order":0,"comment_status":"closed","ping_status":"closed","template":"","meta":{"_breakdance_hide_in_design_set":false,"_breakdance_tags":"","footnotes":""},"class_list":["post-3","page","type-page","status-publish","hentry"],"yoast_head":"<!-- This site is optimized with the Yoast SEO plugin v27.4 - https:\/\/yoast.com\/product\/yoast-seo-wordpress\/ -->\n<title>Tietosuojaseloste - Toimintaterapia Tytti Siironen<\/title>\n<meta name=\"robots\" content=\"index, follow, max-snippet:-1, max-image-preview:large, max-video-preview:-1\" \/>\n<link rel=\"canonical\" href=\"https:\/\/tyttisiironen.fi\/index.php\/tietosuojaseloste\/\" \/>\n<meta property=\"og:locale\" content=\"fi_FI\" \/>\n<meta property=\"og:type\" content=\"article\" \/>\n<meta property=\"og:title\" content=\"Tietosuojaseloste - Toimintaterapia Tytti Siironen\" \/>\n<meta property=\"og:description\" content=\"Tietosuojaseloste Seloste henkil\u00f6tietojen k\u00e4sittelyst\u00e4 ja informointi rekister\u00f6idyn oikeuksista \u00a0Laadittu 12.9.2023 1. Rekisterinpit\u00e4j\u00e4 Toimintaterapia Tytti SiironenY-tunnus: 3379216-3Vainionkuja 1185100 Kalajoki www.tyttisiironen.fi Tietosuojavastaan yhteystiedot: Tytti Siironentoimintaterapia@tyttisiironen.fip. 040 175 3705 2. Henkil\u00f6tietojen k\u00e4sittelyn tarkoitus Henkil\u00f6tietojen k\u00e4sittelyn tarkoitus on yhteydenpito asiakkaisiin ja heid\u00e4n huoltajiinsa, kuntoutuksen suunnittelu, toteutus ja laskuttaminen. 3. Rekisterin tietosis\u00e4lt\u00f6 Rekisteriin tallennettavia tietoja ovat:- asiakkaan nimi, henkil\u00f6tunnus ja [&hellip;]\" \/>\n<meta property=\"og:url\" content=\"https:\/\/tyttisiironen.fi\/index.php\/tietosuojaseloste\/\" \/>\n<meta property=\"og:site_name\" content=\"Toimintaterapia Tytti Siironen\" \/>\n<meta property=\"article:modified_time\" content=\"2025-03-03T14:15:39+00:00\" \/>\n<meta name=\"twitter:card\" content=\"summary_large_image\" \/>\n<meta name=\"twitter:label1\" content=\"Arvioitu lukuaika\" \/>\n\t<meta name=\"twitter:data1\" content=\"2 minuuttia\" \/>\n<script type=\"application\/ld+json\" class=\"yoast-schema-graph\">{\"@context\":\"https:\\\/\\\/schema.org\",\"@graph\":[{\"@type\":\"WebPage\",\"@id\":\"https:\\\/\\\/tyttisiironen.fi\\\/index.php\\\/tietosuojaseloste\\\/\",\"url\":\"https:\\\/\\\/tyttisiironen.fi\\\/index.php\\\/tietosuojaseloste\\\/\",\"name\":\"Tietosuojaseloste - Toimintaterapia Tytti Siironen\",\"isPartOf\":{\"@id\":\"https:\\\/\\\/tyttisiironen.fi\\\/#website\"},\"datePublished\":\"2023-08-07T07:49:00+00:00\",\"dateModified\":\"2025-03-03T14:15:39+00:00\",\"breadcrumb\":{\"@id\":\"https:\\\/\\\/tyttisiironen.fi\\\/index.php\\\/tietosuojaseloste\\\/#breadcrumb\"},\"inLanguage\":\"fi\",\"potentialAction\":[{\"@type\":\"ReadAction\",\"target\":[\"https:\\\/\\\/tyttisiironen.fi\\\/index.php\\\/tietosuojaseloste\\\/\"]}]},{\"@type\":\"BreadcrumbList\",\"@id\":\"https:\\\/\\\/tyttisiironen.fi\\\/index.php\\\/tietosuojaseloste\\\/#breadcrumb\",\"itemListElement\":[{\"@type\":\"ListItem\",\"position\":1,\"name\":\"Etusivu\",\"item\":\"https:\\\/\\\/tyttisiironen.fi\\\/\"},{\"@type\":\"ListItem\",\"position\":2,\"name\":\"Tietosuojaseloste\"}]},{\"@type\":\"WebSite\",\"@id\":\"https:\\\/\\\/tyttisiironen.fi\\\/#website\",\"url\":\"https:\\\/\\\/tyttisiironen.fi\\\/\",\"name\":\"Toimintaterapia Tytti Siironen\",\"description\":\"Lasten toimintaterapian erityisosaamista\",\"potentialAction\":[{\"@type\":\"SearchAction\",\"target\":{\"@type\":\"EntryPoint\",\"urlTemplate\":\"https:\\\/\\\/tyttisiironen.fi\\\/?s={search_term_string}\"},\"query-input\":{\"@type\":\"PropertyValueSpecification\",\"valueRequired\":true,\"valueName\":\"search_term_string\"}}],\"inLanguage\":\"fi\"}]}<\/script>\n<!-- \/ Yoast SEO plugin. -->","yoast_head_json":{"title":"Tietosuojaseloste - Toimintaterapia Tytti Siironen","robots":{"index":"index","follow":"follow","max-snippet":"max-snippet:-1","max-image-preview":"max-image-preview:large","max-video-preview":"max-video-preview:-1"},"canonical":"https:\/\/tyttisiironen.fi\/index.php\/tietosuojaseloste\/","og_locale":"fi_FI","og_type":"article","og_title":"Tietosuojaseloste - Toimintaterapia Tytti Siironen","og_description":"Tietosuojaseloste Seloste henkil\u00f6tietojen k\u00e4sittelyst\u00e4 ja informointi rekister\u00f6idyn oikeuksista \u00a0Laadittu 12.9.2023 1. Rekisterinpit\u00e4j\u00e4 Toimintaterapia Tytti SiironenY-tunnus: 3379216-3Vainionkuja 1185100 Kalajoki www.tyttisiironen.fi Tietosuojavastaan yhteystiedot: Tytti Siironentoimintaterapia@tyttisiironen.fip. 040 175 3705 2. Henkil\u00f6tietojen k\u00e4sittelyn tarkoitus Henkil\u00f6tietojen k\u00e4sittelyn tarkoitus on yhteydenpito asiakkaisiin ja heid\u00e4n huoltajiinsa, kuntoutuksen suunnittelu, toteutus ja laskuttaminen. 3. Rekisterin tietosis\u00e4lt\u00f6 Rekisteriin tallennettavia tietoja ovat:- asiakkaan nimi, henkil\u00f6tunnus ja [&hellip;]","og_url":"https:\/\/tyttisiironen.fi\/index.php\/tietosuojaseloste\/","og_site_name":"Toimintaterapia Tytti Siironen","article_modified_time":"2025-03-03T14:15:39+00:00","twitter_card":"summary_large_image","twitter_misc":{"Arvioitu lukuaika":"2 minuuttia"},"schema":{"@context":"https:\/\/schema.org","@graph":[{"@type":"WebPage","@id":"https:\/\/tyttisiironen.fi\/index.php\/tietosuojaseloste\/","url":"https:\/\/tyttisiironen.fi\/index.php\/tietosuojaseloste\/","name":"Tietosuojaseloste - Toimintaterapia Tytti Siironen","isPartOf":{"@id":"https:\/\/tyttisiironen.fi\/#website"},"datePublished":"2023-08-07T07:49:00+00:00","dateModified":"2025-03-03T14:15:39+00:00","breadcrumb":{"@id":"https:\/\/tyttisiironen.fi\/index.php\/tietosuojaseloste\/#breadcrumb"},"inLanguage":"fi","potentialAction":[{"@type":"ReadAction","target":["https:\/\/tyttisiironen.fi\/index.php\/tietosuojaseloste\/"]}]},{"@type":"BreadcrumbList","@id":"https:\/\/tyttisiironen.fi\/index.php\/tietosuojaseloste\/#breadcrumb","itemListElement":[{"@type":"ListItem","position":1,"name":"Etusivu","item":"https:\/\/tyttisiironen.fi\/"},{"@type":"ListItem","position":2,"name":"Tietosuojaseloste"}]},{"@type":"WebSite","@id":"https:\/\/tyttisiironen.fi\/#website","url":"https:\/\/tyttisiironen.fi\/","name":"Toimintaterapia Tytti Siironen","description":"Lasten toimintaterapian erityisosaamista","potentialAction":[{"@type":"SearchAction","target":{"@type":"EntryPoint","urlTemplate":"https:\/\/tyttisiironen.fi\/?s={search_term_string}"},"query-input":{"@type":"PropertyValueSpecification","valueRequired":true,"valueName":"search_term_string"}}],"inLanguage":"fi"}]}},"_links":{"self":[{"href":"https:\/\/tyttisiironen.fi\/index.php\/wp-json\/wp\/v2\/pages\/3","targetHints":{"allow":["GET"]}}],"collection":[{"href":"https:\/\/tyttisiironen.fi\/index.php\/wp-json\/wp\/v2\/pages"}],"about":[{"href":"https:\/\/tyttisiironen.fi\/index.php\/wp-json\/wp\/v2\/types\/page"}],"author":[{"embeddable":true,"href":"https:\/\/tyttisiironen.fi\/index.php\/wp-json\/wp\/v2\/users\/1"}],"replies":[{"embeddable":true,"href":"https:\/\/tyttisiironen.fi\/index.php\/wp-json\/wp\/v2\/comments?post=3"}],"version-history":[{"count":9,"href":"https:\/\/tyttisiironen.fi\/index.php\/wp-json\/wp\/v2\/pages\/3\/revisions"}],"predecessor-version":[{"id":194,"href":"https:\/\/tyttisiironen.fi\/index.php\/wp-json\/wp\/v2\/pages\/3\/revisions\/194"}],"wp:attachment":[{"href":"https:\/\/tyttisiironen.fi\/index.php\/wp-json\/wp\/v2\/media?parent=3"}],"curies":[{"name":"wp","href":"https:\/\/api.w.org\/{rel}","templated":true}]}}